{"id":280,"date":"2025-09-02T16:31:04","date_gmt":"2025-09-02T14:31:04","guid":{"rendered":"https:\/\/www.fahrschulevollgas.de\/?page_id=280"},"modified":"2025-09-02T17:46:47","modified_gmt":"2025-09-02T15:46:47","slug":"barrierefreiheitserklaerung","status":"publish","type":"page","link":"https:\/\/www.fahrschulevollgas.de\/en\/barrierefreiheitserklaerung\/","title":{"rendered":"Accessibility Statement"},"content":{"rendered":"<p>[et_pb_section fb_built=&#8220;1&#8243; custom_padding_last_edited=&#8220;on|tablet&#8220; admin_label=&#8220;Hero&#8220; _builder_version=&#8220;4.27.4&#8243; use_background_color_gradient=&#8220;on&#8220; background_color_gradient_stops=&#8220;rgba(255,255,255,0.9) 0%|#ffffff 100%&#8220; background_color_gradient_overlays_image=&#8220;on&#8220; background_color_gradient_start=&#8220;rgba(255,255,255,0.9)&#8220; background_color_gradient_end=&#8220;#ffffff&#8220; background_image=&#8220;https:\/\/www.fahrschulevollgas.de\/wp-content\/uploads\/2024\/03\/car-dealer-35.jpg&#8220; custom_margin=&#8220;0px|||&#8220; custom_padding=&#8220;0px|10%|0px|10%|true|true&#8220; custom_padding_tablet=&#8220;|30px||30px||true&#8220; custom_padding_phone=&#8220;|||||true&#8220; locked=&#8220;off&#8220; global_colors_info=&#8220;{}&#8220;][et_pb_row column_structure=&#8220;2_3,1_3&#8243; padding_top_bottom_link_1=&#8220;true&#8220; padding_left_right_link_1=&#8220;true&#8220; _builder_version=&#8220;4.16&#8243; background_size=&#8220;initial&#8220; background_position=&#8220;top_left&#8220; width=&#8220;100%&#8220; max_width=&#8220;100%&#8220; custom_margin=&#8220;|||&#8220; custom_padding=&#8220;0||0px||false|false&#8220; use_custom_width=&#8220;on&#8220; width_unit=&#8220;off&#8220; custom_width_percent=&#8220;100%&#8220; global_colors_info=&#8220;{}&#8220;][et_pb_column type=&#8220;2_3&#8243; _builder_version=&#8220;4.16&#8243; use_background_color_gradient=&#8220;on&#8220; background_color_gradient_stops=&#8220;rgba(0,0,0,0.07) 0%|rgba(255,255,255,0) 100%&#8220; background_color_gradient_start=&#8220;rgba(0,0,0,0.07)&#8220; background_color_gradient_end=&#8220;rgba(255,255,255,0)&#8220; custom_padding=&#8220;10vw|40px|10vw|40px&#8220; custom_padding_tablet=&#8220;|||&#8220; custom_padding_phone=&#8220;|10px||10px||true&#8220; custom_padding_last_edited=&#8220;on|desktop&#8220; global_colors_info=&#8220;{}&#8220; padding_phone=&#8220;|10px||10px||true&#8220; padding_tablet=&#8220;|||&#8220; padding_last_edited=&#8220;on|desktop&#8220; custom_padding__hover=&#8220;|||&#8220;][et_pb_text _builder_version=&#8220;4.16&#8243; text_font=&#8220;Lato||||||||&#8220; text_font_size=&#8220;20px&#8220; text_line_height=&#8220;1.8em&#8220; ul_font=&#8220;||||||||&#8220; ol_font=&#8220;||||||||&#8220; header_font=&#8220;Teko|500||on|||||&#8220; header_text_color=&#8220;#000000&#8243; header_font_size=&#8220;9vw&#8220; header_letter_spacing=&#8220;0.05em&#8220; header_line_height=&#8220;0.9em&#8220; custom_margin=&#8220;|-10vw|0px|&#8220; custom_margin_tablet=&#8220;|0vw||&#8220; custom_margin_phone=&#8220;|-5vw||&#8220; custom_margin_last_edited=&#8220;on|tablet&#8220; animation_style=&#8220;zoom&#8220; animation_delay=&#8220;100ms&#8220; animation_intensity_zoom=&#8220;10%&#8220; header_font_size_tablet=&#8220;&#8220; header_font_size_phone=&#8220;&#8220; header_font_size_last_edited=&#8220;on|phone&#8220; header_line_height_tablet=&#8220;&#8220; header_line_height_phone=&#8220;1.2em&#8220; header_line_height_last_edited=&#8220;on|phone&#8220; header_text_shadow_style=&#8220;preset1&#8243; header_text_shadow_vertical_length=&#8220;0.18em&#8220; header_text_shadow_blur_strength=&#8220;0.27em&#8220; header_text_shadow_color=&#8220;rgba(0,0,0,0.24)&#8220; global_colors_info=&#8220;{}&#8220;]<\/p>\n<h1>Erkl\u00e4rung zur Barrierefreiheit<\/h1>\n<p>&nbsp;<\/p>\n<p>[\/et_pb_text][et_pb_text _builder_version=&#8220;4.27.4&#8243; text_text_color=&#8220;#231F20&#8243; link_font=&#8220;||||on||||&#8220; link_text_color=&#8220;#231F20&#8243; locked=&#8220;off&#8220; global_colors_info=&#8220;{}&#8220;]<\/p>\n<div class=\"row\">\n<div class=\"col-md-6\">\n<h2>Einleitung<\/h2>\n<p>Wir sind bestrebt, unsere Website www.yans-kitchen.de in \u00dcbereinstimmung mit dem Barrierefreiheitsst\u00e4rkungsgesetz\u2028 (BFSG) und der Verordnung zum Barrierefreiheitsst\u00e4rkungsgesetz (BFSGV) barrierefrei zug\u00e4nglich zu machen. Unser\u2028Ziel ist es, allen Nutzern, insbesondere auch Menschen mit Beeintr\u00e4chtigungen, eine leichte und uneingeschr\u00e4nkte\u2028 Nutzung zu erm\u00f6glichen.\u2028 Diese Erkl\u00e4rung beschreibt den Stand der Barrierefreiheit unserer Website, die Ma\u00dfnahmen zur Beseitigung von\u2028 Barrieren sowie M\u00f6glichkeiten zur Kontaktaufnahme und Beschwerde.<\/p>\n<p>&nbsp;<\/p>\n<h2>Geltungsbereich dieser Erkl\u00e4rung<\/h2>\n<p>Diese Erkl\u00e4rung zur Barrierefreiheit gilt f\u00fcr die Website <a href=\"https:\/\/www.fahrschulevollgas.de\">www.fahrschulevollgas.de<\/a>.\u00a0<\/p>\n<p>&nbsp;<\/p>\n<h2>Dienstleistungsbeschreibung<\/h2>\n<p>Auf dieser Website bieten wir folgende Leistungen an:<\/p>\n<ul>\n<li>Dienstleistungen wie z.B. Buchung von Kochkursen. Die Kurse werden dann vor Ort durchgef\u00fchrt.<\/li>\n<li>M\u00f6glichkeit einen oder mehrere Gutscheine f\u00fcr Kochkurse zu kaufen.<\/li>\n<\/ul>\n<p>&nbsp;<\/p>\n<h2>Stand der Vereinbarkeit mit den Anforderungen<\/h2>\n<p>Unsere Website erf\u00fcllt teilweise die Anforderungen des BFSG in Verbindung mit der BFSGV, die geltenden technischen Standards der europ\u00e4ischen Norm EN 301 549 und der Web Content Accessibility Guidelines WCAG 2.2. Die WCAG Konformit\u00e4t entspricht der Stufe AA.<\/p>\n<p>Wir nutzen zur Umsetzung der digitalen Barrierefreiheit auf unserer Website folgende Tools:<br \/>WAVE Accessibility Checker, Google Lighthouse, PageSpeed Insights (bez\u00fcglich Performance und technischer<br \/>Zug\u00e4nglichkeit), Screenreader-Test mit NVDA. <br \/>Mit diesen Tools erm\u00f6glichen wir unseren Website-Besuchern eine optimale Nutzererfahrung.<\/p>\n<p>&nbsp;<\/p>\n<h2>Nicht barrierefreie Inhalte<\/h2>\n<p>Trotz unserer Bem\u00fchungen sind die nachstehend aufgef\u00fchrten Inhalte nicht barrierefrei.<\/p>\n<ul>\n<li>Bilder ohne Alternativtext: Einige Bilder auf der Website haben keinen Alternativtext. Wir bem\u00fchen uns, zeitnah um die Aktualisierung.<\/li>\n<li>Einige Links auf der Website bestehen derzeit ausschlie\u00dflich aus Symbolen (z.B. Navigationselemente, Home-Link, Cookie-Banner-Button, Chat-Button). Diese sind noch nicht vollst\u00e4ndig mit aussagekr\u00e4ftigen Alternativtexten (z.B. aria-label) versehen, sodass sie f\u00fcr Screenreader-Nutzer und Nutzerinnen unter Umst\u00e4nden nicht verst\u00e4ndlich sind.<\/li>\n<\/ul>\n<p>Einige Barrieren auf unserer Website k\u00f6nnen aufgrund wirtschaftlicher Unzumutbarkeit nicht kurzfristig behoben werden. Komplexe interaktive Anwendungen und spezielle Funktionen auf unserer Website erfordern erhebliche finanzielle und personelle Ressourcen, um sie vollst\u00e4ndig barrierefrei zu gestalten. Wir pr\u00fcfen kontinuierlich M\u00f6glichkeiten zur Verbesserung, k\u00f6nnen jedoch aufgrund der unverh\u00e4ltnism\u00e4\u00dfig hohen Kosten nicht alle Barrieren sofort beseitigen.<\/p>\n<p>Dies betrifft folgende Anwendungen und Funktionen:<\/p>\n<ul>\n<li>Aria-Rollen Struktur, Alternativtext bei bereits angelegten Produktbildern und Formularbeschriftungen<\/li>\n<li>Realisierung einer korrekten hierarchisch aufgebauten Struktur der \u00dcberschriften <span data-huuid=\"2955308043949254577\">(H-Tags) <\/span><\/li>\n<\/ul>\n<p>Wir arbeiten kontinuierlich daran, bestehende Barrieren zu identifizieren und zu beseitigen.<\/p>\n<p>&nbsp;<\/p>\n<h2>Barrieren melden, Feedback und Kontaktdaten<\/h2>\n<p>Falls Sie auf unserer Website auf Barrieren sto\u00dfen oder Unterst\u00fctzung bei der Nutzung der Website ben\u00f6tigen, z\u00f6gern Sie nicht, uns zu kontaktieren. Wir freuen uns auf Ihr Feedback und bem\u00fchen uns, die gemeldeten Barrieren im Rahmen der technischen und wirtschaftlichen M\u00f6glichkeiten schnellstm\u00f6glich zu beheben. Auf folgenden Wegen k\u00f6nnen Sie uns kontaktieren:<\/p>\n<p><span id=\"s3-t-firma\">Fahrschule Vollgas<\/span><br \/><span id=\"s3-t-ansprechpartner\">Andre Busbach<\/span><br \/><span id=\"s3-t-strasse\">Olgastra\u00dfe 64<\/span><br \/><span id=\"s3-t-plz\">89073<\/span> <span id=\"s3-t-ort\">Ulm<br \/>Telefon: +49 (0) 172 7312841<br \/>E-Mail:<span>\u00a0<\/span><a href=\"mailto:fahrschulevollgas@gmail.com\">fahrschulevollgas@gmail.com<\/a><\/span><\/p>\n<p>Sollten Sie auf Ihre Mitteilungen oder Anfragen zur Barrierefreiheit keine zufriedenstellende Antwort erhalten, k\u00f6nnen Sie sich an die zust\u00e4ndige Markt\u00fcberwachungsbeh\u00f6rde wenden.<\/p>\n<p>&nbsp;<\/p>\n<h2>Zust\u00e4ndige Markt\u00fcberwachungsbeh\u00f6rde<\/h2>\n<p>Markt\u00fcberwachungsstelle der L\u00e4nder f\u00fcr die Barrierefreiheit von Produkten und Dienstleistungen (MLBF), geplante Einrichtung in Magdeburg, Sachsen\u2011Anhalt. Zwischenzeitlich obliegen die Aufgaben weiterhin den einzelnen Markt\u00fcberwachungsbeh\u00f6rden der Bundesl\u00e4nder.<\/p>\n<p>Markt\u00fcberwachungsstelle der L\u00e4nder f\u00fcr die Barrierefreiheit von Produkten und Dienstleistungen (MLBF)<br \/>c\/o Ministerium f\u00fcr Arbeit, Soziales, Gesundheit und Gleichstellung Sachsen-Anhalt<br \/>Postfach 39 11 55<br \/>39135 Magdeburg<\/p>\n<p>Telefon: 0391 567 6970<br \/>E-\u200bMail: <a href=\"mailto:MLBF@ms.sachsen-\u200banhalt.de\">MLBF@ms.sachsen-\u200banhalt.de<\/a><\/p>\n<p>&nbsp;<\/p>\n<h2>Erstellungsprozess dieser Erkl\u00e4rung<\/h2>\n<p>Diese Erkl\u00e4rung wurde durch interne Tests erstellt.<br \/>Methoden zur Pr\u00fcfung der Barrierefreiheit:<\/p>\n<p>Die Pr\u00fcfung der Barrierefreiheit der Website erfolgte in Eigenverantwortung anhand technischer Tests und manueller \u00dcberpr\u00fcfungen. Dabei wurden folgende Methoden eingesetzt:<\/p>\n<ul>\n<li>Automatisierte Tests mit den Tools WAVE Accessibility Checker, Google Lighthouse und PageSpeed Insights, um strukturelle und technische Barrieren zu identifizieren.<\/li>\n<li>Screenreader-Test (z.B. mit dem verbreiteten Screenreader NVDA) zur Pr\u00fcfung der Verst\u00e4ndlichkeit und Bedienbarkeit der Seiteninhalte f\u00fcr blinde oder sehbehinderte Nutzer und Nutzerinnen.<\/li>\n<li>Manuelle Tastaturtests, um sicherzustellen, dass zentrale Navigationselemente auch ohne Maus bedienbar sind.<\/li>\n<\/ul>\n<p>&nbsp;<\/p>\n<h2>Aktualisierung dieser Erkl\u00e4rung<\/h2>\n<p>Diese Erkl\u00e4rung wurde mit gr\u00f6\u00dfter Sorgfalt erstellt, sie wird regelm\u00e4\u00dfig \u00fcberpr\u00fcft und aktualisiert, um die jeweils aktuellen Anforderungen und Standards zu erf\u00fcllen.<\/p>\n<p>Letzte Aktualisierung: 01.09.2025<\/p>\n<\/div>\n<\/div>\n<footer class=\"row full-width-row mt-5\" role=\"contentinfo\">\n<div class=\"col-12 mt-5 mb-3\"><\/div>\n<\/footer>\n<p>[\/et_pb_text][\/et_pb_column][et_pb_column type=&#8220;1_3&#8243; _builder_version=&#8220;4.16&#8243; custom_padding=&#8220;|||&#8220; global_colors_info=&#8220;{}&#8220; custom_padding__hover=&#8220;|||&#8220;][\/et_pb_column][\/et_pb_row][\/et_pb_section][et_pb_section fb_built=&#8220;1&#8243; make_equal=&#8220;on&#8220; use_custom_gutter=&#8220;on&#8220; gutter_width=&#8220;1&#8243; specialty=&#8220;on&#8220; next_background_color=&#8220;#222222&#8243; background_color_2=&#8220;#c10f1b&#8220; padding_top_1=&#8220;150px&#8220; padding_top_2=&#8220;150px&#8220; padding_right_1=&#8220;60px&#8220; padding_right_2=&#8220;10%&#8220; padding_bottom_1=&#8220;150px&#8220; padding_bottom_2=&#8220;150px&#8220; padding_left_1=&#8220;10%&#8220; padding_left_2=&#8220;60px&#8220; padding_top_bottom_link_1=&#8220;true&#8220; padding_top_bottom_link_2=&#8220;true&#8220; padding_1_tablet=&#8220;|0%||0%||true&#8220; padding_2_tablet=&#8220;40px|10%|100px|10%||true&#8220; padding_1_phone=&#8220;&#8220; padding_2_phone=&#8220;&#8220; padding_1_last_edited=&#8220;on|desktop&#8220; padding_2_last_edited=&#8220;on|desktop&#8220; admin_label=&#8220;Footer&#8220; module_id=&#8220;contact&#8220; module_class=&#8220; et_pb_specialty_fullwidth&#8220; _builder_version=&#8220;4.27.4&#8243; background_color=&#8220;#231F20&#8243; use_background_color_gradient=&#8220;on&#8220; background_color_gradient_stops=&#8220;rgba(24,30,36,0.9) 0%|rgba(213,26,39,0.69) 100%&#8220; background_color_gradient_overlays_image=&#8220;on&#8220; background_color_gradient_start=&#8220;rgba(24,30,36,0.9)&#8220; background_color_gradient_end=&#8220;rgba(213,26,39,0.69)&#8220; background_image=&#8220;https:\/\/www.fahrschulevollgas.de\/wp-content\/uploads\/2023\/09\/car-dealer-34.jpg&#8220; inner_width=&#8220;100%&#8220; inner_width_tablet=&#8220;100%&#8220; inner_width_phone=&#8220;100%&#8220; inner_width_last_edited=&#8220;on|desktop&#8220; inner_max_width=&#8220;100%&#8220; inner_max_width_tablet=&#8220;100%&#8220; inner_max_width_phone=&#8220;100%&#8220; inner_max_width_last_edited=&#8220;on|desktop&#8220; custom_padding=&#8220;0px||0px||true&#8220; bottom_divider_style=&#8220;arrow&#8220; bottom_divider_arrangement=&#8220;above_content&#8220; animation_style=&#8220;slide&#8220; animation_direction=&#8220;bottom&#8220; animation_intensity_slide=&#8220;4%&#8220; animation_starting_opacity=&#8220;100%&#8220; box_shadow_style=&#8220;preset7&#8243; box_shadow_horizontal=&#8220;0px&#8220; box_shadow_vertical=&#8220;80px&#8220; box_shadow_color=&#8220;#ffffff&#8220; make_fullwidth=&#8220;on&#8220; saved_tabs=&#8220;all&#8220; global_colors_info=&#8220;{}&#8220; global_module=&#8220;82&#8243; theme_builder_area=&#8220;post_content&#8220;][et_pb_column type=&#8220;1_2&#8243; specialty_columns=&#8220;2&#8243; _builder_version=&#8220;4.16&#8243; custom_padding=&#8220;|||&#8220; global_colors_info=&#8220;{}&#8220; padding_tablet=&#8220;|0%||0%||true&#8220; padding_last_edited=&#8220;on|desktop&#8220; custom_padding__hover=&#8220;|||&#8220; padding_phone=&#8220;|0%||0%||true&#8220; theme_builder_area=&#8220;post_content&#8220;][et_pb_row_inner _builder_version=&#8220;4.16&#8243; custom_padding=&#8220;0|0px|0|0px|true|false&#8220; global_colors_info=&#8220;{}&#8220; theme_builder_area=&#8220;post_content&#8220;][et_pb_column_inner saved_specialty_column_type=&#8220;1_2&#8243; _builder_version=&#8220;4.16&#8243; custom_padding=&#8220;|||&#8220; global_colors_info=&#8220;{}&#8220; custom_padding__hover=&#8220;|||&#8220; theme_builder_area=&#8220;post_content&#8220;][et_pb_text _builder_version=&#8220;4.16&#8243; text_font=&#8220;Lato||||||||&#8220; text_font_size=&#8220;22px&#8220; text_line_height=&#8220;1.8em&#8220; header_font=&#8220;||||||||&#8220; header_2_font=&#8220;Teko||||||||&#8220; header_2_font_size=&#8220;96px&#8220; background_layout=&#8220;dark&#8220; custom_margin=&#8220;|||&#8220; header_2_font_size_tablet=&#8220;66px&#8220; header_2_font_size_phone=&#8220;36px&#8220; header_2_font_size_last_edited=&#8220;on|phone&#8220; locked=&#8220;off&#8220; global_colors_info=&#8220;{}&#8220; theme_builder_area=&#8220;post_content&#8220;]<\/p>\n<h2>Kontakt<\/h2>\n<p>[\/et_pb_text][et_pb_text _builder_version=&#8220;4.27.4&#8243; text_font=&#8220;Teko|500|||||||&#8220; text_font_size=&#8220;40px&#8220; text_line_height=&#8220;2em&#8220; link_font=&#8220;||||on||||dotted&#8220; link_text_color=&#8220;#FFFFFF&#8220; background_layout=&#8220;dark&#8220; custom_margin=&#8220;|||&#8220; locked=&#8220;off&#8220; global_colors_info=&#8220;{}&#8220; theme_builder_area=&#8220;post_content&#8220;]<\/p>\n<p><a href=\"tel:+491727312841\">0172 &#8211; 7312841<\/a><\/p>\n<p>[\/et_pb_text][\/et_pb_column_inner][\/et_pb_row_inner][et_pb_row_inner column_structure=&#8220;1_2,1_2&#8243; use_custom_gutter=&#8220;on&#8220; gutter_width=&#8220;2&#8243; _builder_version=&#8220;4.16&#8243; global_colors_info=&#8220;{}&#8220; theme_builder_area=&#8220;post_content&#8220;][et_pb_column_inner type=&#8220;1_2&#8243; saved_specialty_column_type=&#8220;1_2&#8243; _builder_version=&#8220;4.16&#8243; custom_padding=&#8220;|||&#8220; global_colors_info=&#8220;{}&#8220; custom_padding__hover=&#8220;|||&#8220; theme_builder_area=&#8220;post_content&#8220;][et_pb_text _builder_version=&#8220;4.16&#8243; text_font=&#8220;Lato||||||||&#8220; text_font_size=&#8220;18px&#8220; text_line_height=&#8220;1.8em&#8220; header_font=&#8220;||||||||&#8220; header_4_font=&#8220;Teko|500|||||||&#8220; header_4_font_size=&#8220;22px&#8220; background_layout=&#8220;dark&#8220; custom_margin=&#8220;|||&#8220; locked=&#8220;off&#8220; global_colors_info=&#8220;{}&#8220; theme_builder_area=&#8220;post_content&#8220;]<\/p>\n<h4>Location<\/h4>\n<p><span>Olgastra\u00dfe 64<br \/><\/span>89073 Ulm<\/p>\n<p>[\/et_pb_text][et_pb_text _builder_version=&#8220;4.27.3&#8243; text_font=&#8220;Lato||||||||&#8220; text_font_size=&#8220;18px&#8220; text_line_height=&#8220;1.8em&#8220; header_font=&#8220;||||||||&#8220; header_4_font=&#8220;Teko|500|||||||&#8220; header_4_font_size=&#8220;22px&#8220; background_layout=&#8220;dark&#8220; custom_margin=&#8220;|||&#8220; locked=&#8220;off&#8220; global_colors_info=&#8220;{}&#8220; theme_builder_area=&#8220;post_content&#8220;]<\/p>\n<h4>Fahrschulevollgas@gmail.com<\/h4>\n<p>[\/et_pb_text][\/et_pb_column_inner][et_pb_column_inner type=&#8220;1_2&#8243; saved_specialty_column_type=&#8220;1_2&#8243; _builder_version=&#8220;4.16&#8243; custom_padding=&#8220;|||&#8220; global_colors_info=&#8220;{}&#8220; custom_padding__hover=&#8220;|||&#8220; theme_builder_area=&#8220;post_content&#8220;][et_pb_text _builder_version=&#8220;4.16&#8243; text_font=&#8220;Lato||||||||&#8220; text_font_size=&#8220;18px&#8220; text_line_height=&#8220;1.8em&#8220; header_font=&#8220;||||||||&#8220; header_4_font=&#8220;Teko|500|||||||&#8220; header_4_font_size=&#8220;22px&#8220; background_layout=&#8220;dark&#8220; custom_margin=&#8220;|||&#8220; locked=&#8220;off&#8220; global_colors_info=&#8220;{}&#8220; theme_builder_area=&#8220;post_content&#8220;]<\/p>\n<h4><\/h4>\n<p>[\/et_pb_text][\/et_pb_column_inner][\/et_pb_row_inner][\/et_pb_column][et_pb_column type=&#8220;1_2&#8243; _builder_version=&#8220;4.16&#8243; background_color=&#8220;#c10f1b&#8220; custom_padding=&#8220;|||&#8220; global_colors_info=&#8220;{}&#8220; padding_tablet=&#8220;40px|10%|100px|10%||true&#8220; padding_last_edited=&#8220;on|desktop&#8220; custom_padding__hover=&#8220;|||&#8220; padding_phone=&#8220;40px|10%|100px|10%||true&#8220; theme_builder_area=&#8220;post_content&#8220;][et_pb_contact_form captcha=&#8220;off&#8220; email=&#8220;hello@fahrschulevollgas.de&#8220; title=&#8220;Nachricht senden&#8220; success_message=&#8220;Wir hab deine Anfrage erhalten und werden uns bald bei dir melden&#8220; submit_button_text=&#8220;Senden&#8220; module_id=&#8220;et_pb_contact_form_0&#8243; _builder_version=&#8220;4.24.2&#8243; form_field_background_color=&#8220;rgba(0,0,0,0.15)&#8220; form_field_text_color=&#8220;#ffffff&#8220; title_font=&#8220;Teko||||||||&#8220; title_text_color=&#8220;#ffffff&#8220; title_font_size=&#8220;40px&#8220; title_line_height=&#8220;1.2em&#8220; form_field_font=&#8220;Lato||||||||&#8220; form_field_font_size=&#8220;16px&#8220; custom_button=&#8220;on&#8220; button_text_color=&#8220;#c10f1b&#8220; button_bg_color=&#8220;#ffffff&#8220; button_border_width=&#8220;8px&#8220; button_border_color=&#8220;#ffffff&#8220; button_border_radius=&#8220;0px&#8220; button_letter_spacing=&#8220;4px&#8220; button_font=&#8220;Teko|||on|||||&#8220; button_icon=&#8220;&#x24;||divi||400&#8243; form_background_color=&#8220;rgba(0,0,0,0.15)&#8220; locked=&#8220;off&#8220; global_colors_info=&#8220;{}&#8220; theme_builder_area=&#8220;post_content&#8220;][et_pb_contact_field field_id=&#8220;Name&#8220; field_title=&#8220;Name&#8220; fullwidth_field=&#8220;on&#8220; _builder_version=&#8220;4.16&#8243; global_colors_info=&#8220;{}&#8220; button_text_size__hover_enabled=&#8220;off&#8220; button_one_text_size__hover_enabled=&#8220;off&#8220; button_two_text_size__hover_enabled=&#8220;off&#8220; button_text_color__hover_enabled=&#8220;off&#8220; button_one_text_color__hover_enabled=&#8220;off&#8220; button_two_text_color__hover_enabled=&#8220;off&#8220; button_border_width__hover_enabled=&#8220;off&#8220; button_one_border_width__hover_enabled=&#8220;off&#8220; button_two_border_width__hover_enabled=&#8220;off&#8220; button_border_color__hover_enabled=&#8220;off&#8220; button_one_border_color__hover_enabled=&#8220;off&#8220; button_two_border_color__hover_enabled=&#8220;off&#8220; button_border_radius__hover_enabled=&#8220;off&#8220; button_one_border_radius__hover_enabled=&#8220;off&#8220; button_two_border_radius__hover_enabled=&#8220;off&#8220; button_letter_spacing__hover_enabled=&#8220;off&#8220; button_one_letter_spacing__hover_enabled=&#8220;off&#8220; button_two_letter_spacing__hover_enabled=&#8220;off&#8220; button_bg_color__hover_enabled=&#8220;off&#8220; button_one_bg_color__hover_enabled=&#8220;off&#8220; button_two_bg_color__hover_enabled=&#8220;off&#8220; theme_builder_area=&#8220;post_content&#8220;][\/et_pb_contact_field][et_pb_contact_field field_id=&#8220;Email&#8220; field_title=&#8220;Email Addresse&#8220; field_type=&#8220;email&#8220; fullwidth_field=&#8220;on&#8220; _builder_version=&#8220;4.23.1&#8243; global_colors_info=&#8220;{}&#8220; button_text_size__hover_enabled=&#8220;off&#8220; button_one_text_size__hover_enabled=&#8220;off&#8220; button_two_text_size__hover_enabled=&#8220;off&#8220; button_text_color__hover_enabled=&#8220;off&#8220; button_one_text_color__hover_enabled=&#8220;off&#8220; button_two_text_color__hover_enabled=&#8220;off&#8220; button_border_width__hover_enabled=&#8220;off&#8220; button_one_border_width__hover_enabled=&#8220;off&#8220; button_two_border_width__hover_enabled=&#8220;off&#8220; button_border_color__hover_enabled=&#8220;off&#8220; button_one_border_color__hover_enabled=&#8220;off&#8220; button_two_border_color__hover_enabled=&#8220;off&#8220; button_border_radius__hover_enabled=&#8220;off&#8220; button_one_border_radius__hover_enabled=&#8220;off&#8220; button_two_border_radius__hover_enabled=&#8220;off&#8220; button_letter_spacing__hover_enabled=&#8220;off&#8220; button_one_letter_spacing__hover_enabled=&#8220;off&#8220; button_two_letter_spacing__hover_enabled=&#8220;off&#8220; button_bg_color__hover_enabled=&#8220;off&#8220; button_one_bg_color__hover_enabled=&#8220;off&#8220; button_two_bg_color__hover_enabled=&#8220;off&#8220; theme_builder_area=&#8220;post_content&#8220;][\/et_pb_contact_field][et_pb_contact_field field_id=&#8220;Message&#8220; field_title=&#8220;Nachricht&#8220; field_type=&#8220;text&#8220; fullwidth_field=&#8220;on&#8220; _builder_version=&#8220;4.23.1&#8243; global_colors_info=&#8220;{}&#8220; button_text_size__hover_enabled=&#8220;off&#8220; button_one_text_size__hover_enabled=&#8220;off&#8220; button_two_text_size__hover_enabled=&#8220;off&#8220; button_text_color__hover_enabled=&#8220;off&#8220; button_one_text_color__hover_enabled=&#8220;off&#8220; button_two_text_color__hover_enabled=&#8220;off&#8220; button_border_width__hover_enabled=&#8220;off&#8220; button_one_border_width__hover_enabled=&#8220;off&#8220; button_two_border_width__hover_enabled=&#8220;off&#8220; button_border_color__hover_enabled=&#8220;off&#8220; button_one_border_color__hover_enabled=&#8220;off&#8220; button_two_border_color__hover_enabled=&#8220;off&#8220; button_border_radius__hover_enabled=&#8220;off&#8220; button_one_border_radius__hover_enabled=&#8220;off&#8220; button_two_border_radius__hover_enabled=&#8220;off&#8220; button_letter_spacing__hover_enabled=&#8220;off&#8220; button_one_letter_spacing__hover_enabled=&#8220;off&#8220; button_two_letter_spacing__hover_enabled=&#8220;off&#8220; button_bg_color__hover_enabled=&#8220;off&#8220; button_one_bg_color__hover_enabled=&#8220;off&#8220; button_two_bg_color__hover_enabled=&#8220;off&#8220; theme_builder_area=&#8220;post_content&#8220;][\/et_pb_contact_field][\/et_pb_contact_form][\/et_pb_column][\/et_pb_section]<\/p>\n","protected":false},"excerpt":{"rendered":"<p>Erkl\u00e4rung zur Barrierefreiheit &nbsp; Einleitung Wir sind bestrebt, unsere Website www.yans-kitchen.de in \u00dcbereinstimmung mit dem Barrierefreiheitsst\u00e4rkungsgesetz\u2028 (BFSG) und der Verordnung zum Barrierefreiheitsst\u00e4rkungsgesetz (BFSGV) barrierefrei zug\u00e4nglich zu machen. Unser\u2028Ziel ist es, allen Nutzern, insbesondere auch Menschen mit Beeintr\u00e4chtigungen, eine leichte und uneingeschr\u00e4nkte\u2028 Nutzung zu erm\u00f6glichen.\u2028 Diese Erkl\u00e4rung beschreibt den Stand der Barrierefreiheit unserer Website, die Ma\u00dfnahmen [&hellip;]<\/p>\n","protected":false},"author":2,"featured_media":0,"parent":0,"menu_order":0,"comment_status":"closed","ping_status":"closed","template":"","meta":{"_et_pb_use_builder":"on","_et_pb_old_content":"","_et_gb_content_width":"","footnotes":""},"class_list":["post-280","page","type-page","status-publish","hentry"],"_links":{"self":[{"href":"https:\/\/www.fahrschulevollgas.de\/en\/wp-json\/wp\/v2\/pages\/280","targetHints":{"allow":["GET"]}}],"collection":[{"href":"https:\/\/www.fahrschulevollgas.de\/en\/wp-json\/wp\/v2\/pages"}],"about":[{"href":"https:\/\/www.fahrschulevollgas.de\/en\/wp-json\/wp\/v2\/types\/page"}],"author":[{"embeddable":true,"href":"https:\/\/www.fahrschulevollgas.de\/en\/wp-json\/wp\/v2\/users\/2"}],"replies":[{"embeddable":true,"href":"https:\/\/www.fahrschulevollgas.de\/en\/wp-json\/wp\/v2\/comments?post=280"}],"version-history":[{"count":10,"href":"https:\/\/www.fahrschulevollgas.de\/en\/wp-json\/wp\/v2\/pages\/280\/revisions"}],"predecessor-version":[{"id":346,"href":"https:\/\/www.fahrschulevollgas.de\/en\/wp-json\/wp\/v2\/pages\/280\/revisions\/346"}],"wp:attachment":[{"href":"https:\/\/www.fahrschulevollgas.de\/en\/wp-json\/wp\/v2\/media?parent=280"}],"curies":[{"name":"wp","href":"https:\/\/api.w.org\/{rel}","templated":true}]}}